{"id":6332,"date":"2022-01-25T11:05:36","date_gmt":"2022-01-25T10:05:36","guid":{"rendered":"https:\/\/seljak.me\/savjetuje\/?page_id=6332"},"modified":"2023-10-25T07:04:48","modified_gmt":"2023-10-25T05:04:48","slug":"impresum","status":"publish","type":"page","link":"https:\/\/seljak.me\/savjetuje\/impresum\/","title":{"rendered":"Impresum"},"content":{"rendered":"<p>Naziv pravnog lica:&nbsp;<strong>Seljak doo, PIB 03209075<\/strong><\/p>\n<p>Izvr\u0161ni direktor: <strong>Marko Mara\u0161<\/strong><b> ,<\/b> info@seljak.me; 067 860 424<\/p>\n<p>Vlasni\u010dka struktura: <strong>Marko Mara\u0161<\/strong> 100%<\/p>\n<p>Kontakt marketing: marketing@seljak.me<\/p>\n<p>Adresa:<strong> Ivana Crnojevi\u0107a 36, Podgorica<\/strong><\/p>\n<p>Kontakt email: info@seljak.me<\/p>\n<p>Kontakt telefon:&nbsp; 067 860 424<\/p>\n<p>Glavni i odgovorni urednik: <strong>Marko Mara\u0161<\/strong><\/p>\n<p>Novinari\/ke: <strong>An\u0111ela Boji\u0107<\/strong>, <strong>Dina Maljevi\u0107 <\/strong>dipl. ing. prehrambene tehnologije ,&nbsp; <strong>Marko Cerovi\u0107 <\/strong>BSc sto\u010darstva<\/p>\n<p>Upisani u evidenciju medija pod <strong>rednim brojem 065<\/strong><\/p>\n","protected":false},"excerpt":{"rendered":"<p>Naziv pravnog lica:&nbsp;Seljak doo, PIB 03209075 Izvr\u0161ni direktor: Marko Mara\u0161 , info@seljak.me; 067 860 424 Vlasni\u010dka struktura: Marko Mara\u0161 100% Kontakt marketing: marketing@seljak.me Adresa: Ivana Crnojevi\u0107a 36, Podgorica Kontakt email: info@seljak.me Kontakt telefon:&nbsp; 067 860 424 Glavni i odgovorni urednik: Marko Mara\u0161 Novinari\/ke: An\u0111ela Boji\u0107, Dina Maljevi\u0107 dipl. ing. prehrambene tehnologije ,&nbsp; Marko Cerovi\u0107 BSc&#8230;<a class=\"btnReadMore\" href=\"https:\/\/seljak.me\/savjetuje\/impresum\/\"> Pro\u010ditajte vi\u0161e&#8230;<\/a><\/p>\n","protected":false},"author":1,"featured_media":0,"parent":0,"menu_order":0,"comment_status":"closed","ping_status":"closed","template":"","meta":{"ngg_post_thumbnail":0,"spay_email":""},"yoast_head":"<!-- This site is optimized with the Yoast SEO plugin v17.7.1 - https:\/\/yoast.com\/wordpress\/plugins\/seo\/ -->\n<title>Impresum - Savjetuje<\/title>\n<meta name=\"robots\" content=\"index, follow, max-snippet:-1, max-image-preview:large, max-video-preview:-1\" \/>\n<link rel=\"canonical\" href=\"https:\/\/seljak.me\/savjetuje\/impresum\/\" \/>\n<meta property=\"og:locale\" content=\"sr_RS\" \/>\n<meta property=\"og:type\" content=\"article\" \/>\n<meta property=\"og:title\" content=\"Impresum - Savjetuje\" \/>\n<meta property=\"og:description\" content=\"Naziv pravnog lica:&nbsp;Seljak doo, PIB 03209075 Izvr\u0161ni direktor: Marko Mara\u0161 , info@seljak.me; 067 860 424 Vlasni\u010dka struktura: Marko Mara\u0161 100% Kontakt marketing: marketing@seljak.me Adresa: Ivana Crnojevi\u0107a 36, Podgorica Kontakt email: info@seljak.me Kontakt telefon:&nbsp; 067 860 424 Glavni i odgovorni urednik: Marko Mara\u0161 Novinari\/ke: An\u0111ela Boji\u0107, Dina Maljevi\u0107 dipl. ing. prehrambene tehnologije ,&nbsp; Marko Cerovi\u0107 BSc... Pro\u010ditajte vi\u0161e...\" \/>\n<meta property=\"og:url\" content=\"https:\/\/seljak.me\/savjetuje\/impresum\/\" \/>\n<meta property=\"og:site_name\" content=\"Savjetuje\" \/>\n<meta property=\"article:publisher\" content=\"https:\/\/www.facebook.com\/seljak.me\/\" \/>\n<meta property=\"article:modified_time\" content=\"2023-10-25T05:04:48+00:00\" \/>\n<meta name=\"twitter:card\" content=\"summary_large_image\" \/>\n<meta name=\"twitter:label1\" content=\"Est. reading time\" \/>\n\t<meta name=\"twitter:data1\" content=\"1 \u043c\u0438\u043d\u0443\u0442\" \/>\n<script type=\"application\/ld+json\" class=\"yoast-schema-graph\">{\"@context\":\"https:\/\/schema.org\",\"@graph\":[{\"@type\":\"WebSite\",\"@id\":\"https:\/\/seljak.me\/savjetuje\/#website\",\"url\":\"https:\/\/seljak.me\/savjetuje\/\",\"name\":\"Savjetuje\",\"description\":\"Seljak savjetuje\",\"potentialAction\":[{\"@type\":\"SearchAction\",\"target\":{\"@type\":\"EntryPoint\",\"urlTemplate\":\"https:\/\/seljak.me\/savjetuje\/?s={search_term_string}\"},\"query-input\":\"required name=search_term_string\"}],\"inLanguage\":\"sr-RS\"},{\"@type\":\"WebPage\",\"@id\":\"https:\/\/seljak.me\/savjetuje\/impresum\/#webpage\",\"url\":\"https:\/\/seljak.me\/savjetuje\/impresum\/\",\"name\":\"Impresum - Savjetuje\",\"isPartOf\":{\"@id\":\"https:\/\/seljak.me\/savjetuje\/#website\"},\"datePublished\":\"2022-01-25T10:05:36+00:00\",\"dateModified\":\"2023-10-25T05:04:48+00:00\",\"breadcrumb\":{\"@id\":\"https:\/\/seljak.me\/savjetuje\/impresum\/#breadcrumb\"},\"inLanguage\":\"sr-RS\",\"potentialAction\":[{\"@type\":\"ReadAction\",\"target\":[\"https:\/\/seljak.me\/savjetuje\/impresum\/\"]}]},{\"@type\":\"BreadcrumbList\",\"@id\":\"https:\/\/seljak.me\/savjetuje\/impresum\/#breadcrumb\",\"itemListElement\":[{\"@type\":\"ListItem\",\"position\":1,\"name\":\"Naslovna\",\"item\":\"https:\/\/seljak.me\/savjetuje\/\"},{\"@type\":\"ListItem\",\"position\":2,\"name\":\"Impresum\"}]}]}<\/script>\n<!-- \/ Yoast SEO plugin. -->","yoast_head_json":{"title":"Impresum - Savjetuje","robots":{"index":"index","follow":"follow","max-snippet":"max-snippet:-1","max-image-preview":"max-image-preview:large","max-video-preview":"max-video-preview:-1"},"canonical":"https:\/\/seljak.me\/savjetuje\/impresum\/","og_locale":"sr_RS","og_type":"article","og_title":"Impresum - Savjetuje","og_description":"Naziv pravnog lica:&nbsp;Seljak doo, PIB 03209075 Izvr\u0161ni direktor: Marko Mara\u0161 , info@seljak.me; 067 860 424 Vlasni\u010dka struktura: Marko Mara\u0161 100% Kontakt marketing: marketing@seljak.me Adresa: Ivana Crnojevi\u0107a 36, Podgorica Kontakt email: info@seljak.me Kontakt telefon:&nbsp; 067 860 424 Glavni i odgovorni urednik: Marko Mara\u0161 Novinari\/ke: An\u0111ela Boji\u0107, Dina Maljevi\u0107 dipl. ing. prehrambene tehnologije ,&nbsp; Marko Cerovi\u0107 BSc... Pro\u010ditajte vi\u0161e...","og_url":"https:\/\/seljak.me\/savjetuje\/impresum\/","og_site_name":"Savjetuje","article_publisher":"https:\/\/www.facebook.com\/seljak.me\/","article_modified_time":"2023-10-25T05:04:48+00:00","twitter_card":"summary_large_image","twitter_misc":{"Est. reading time":"1 \u043c\u0438\u043d\u0443\u0442"},"schema":{"@context":"https:\/\/schema.org","@graph":[{"@type":"WebSite","@id":"https:\/\/seljak.me\/savjetuje\/#website","url":"https:\/\/seljak.me\/savjetuje\/","name":"Savjetuje","description":"Seljak savjetuje","potentialAction":[{"@type":"SearchAction","target":{"@type":"EntryPoint","urlTemplate":"https:\/\/seljak.me\/savjetuje\/?s={search_term_string}"},"query-input":"required name=search_term_string"}],"inLanguage":"sr-RS"},{"@type":"WebPage","@id":"https:\/\/seljak.me\/savjetuje\/impresum\/#webpage","url":"https:\/\/seljak.me\/savjetuje\/impresum\/","name":"Impresum - Savjetuje","isPartOf":{"@id":"https:\/\/seljak.me\/savjetuje\/#website"},"datePublished":"2022-01-25T10:05:36+00:00","dateModified":"2023-10-25T05:04:48+00:00","breadcrumb":{"@id":"https:\/\/seljak.me\/savjetuje\/impresum\/#breadcrumb"},"inLanguage":"sr-RS","potentialAction":[{"@type":"ReadAction","target":["https:\/\/seljak.me\/savjetuje\/impresum\/"]}]},{"@type":"BreadcrumbList","@id":"https:\/\/seljak.me\/savjetuje\/impresum\/#breadcrumb","itemListElement":[{"@type":"ListItem","position":1,"name":"Naslovna","item":"https:\/\/seljak.me\/savjetuje\/"},{"@type":"ListItem","position":2,"name":"Impresum"}]}]}},"jetpack-related-posts":[{"id":5688,"url":"https:\/\/seljak.me\/savjetuje\/hvala\/","url_meta":{"origin":6332,"position":0},"title":"Hvala","date":"11\/12\/2021","format":false,"excerpt":"Uplatu \u010dlanarine u iznosu od 10\u20ac mo\u017eete izvr\u0161iti u banci ili po\u0161ti na \u017eiro ra\u010dun 565-3619-94, DOO Seljak sa naznakom Novogodi\u0161nja \u010dlanarina. Fotografiju uplatnice mo\u017eete poslati na 067\/860-424 nakon \u010dega \u0107e Vam se aktivirati godi\u0161nji paket za neograni\u010deno dodavanje oglasa. \u00a0","rel":"","context":"Similar post","img":{"alt_text":"","src":"https:\/\/i0.wp.com\/seljak.me\/savjetuje\/wp-content\/uploads\/2021\/12\/Srecne-novogodisnje-i-bozicne-praznike-zeli-Vam.jpg?resize=350%2C200&ssl=1","width":350,"height":200},"classes":[]},{"id":5701,"url":"https:\/\/seljak.me\/savjetuje\/popust-za-dan-zaljubljenih-hvala\/","url_meta":{"origin":6332,"position":1},"title":"Popust za dan zaljubljenih &#8211; Hvala","date":"11\/12\/2021","format":false,"excerpt":"Da biste ostvarili popust na godi\u0161nju \u010dlanarinu, u okviru akcije za Dan zaljubljenih, pozivamo Vas da pro\u010ditate uputstva u nastavku. Uplatu u iznosu od 10\u20ac mo\u017eete izvr\u0161iti u banci ili po\u0161ti na \u017eiro ra\u010dun 565-3619-94, DOO Seljak sa naznakom \u010clanarina, zaklju\u010dno sa 14.02. do pono\u0107i. Fotografiju uplatnice mo\u017eete poslati na\u2026","rel":"","context":"Similar post","img":{"alt_text":"","src":"https:\/\/i0.wp.com\/seljak.me\/savjetuje\/wp-content\/uploads\/2022\/02\/14feb-1024x1024.png?resize=350%2C200&ssl=1","width":350,"height":200},"classes":[]},{"id":6329,"url":"https:\/\/seljak.me\/savjetuje\/politika-privatnosti\/","url_meta":{"origin":6332,"position":2},"title":"Politika privatnosti","date":"25\/01\/2022","format":false,"excerpt":"Prihvatanjem pravila i uslova kori\u0161\u0107enja sajta i internet servisa Portal Seljak.me (u daljem tekstu servis Portal seljak.me\/savjetuje), korisnik usluga potvr\u0111uje saglasnost da \u0107e svoje pona\u0161anje i poslovanje na servisu Portal seljak.me\/savjetuje podrediti pravilima i uslovima kori\u0161\u0107enjima, a koji su u skladu sa svim va\u017ee\u0107im zakonskim propisima u republikama iz kojih\u2026","rel":"","context":"Similar post","img":{"alt_text":"","src":"","width":0,"height":0},"classes":[]},{"id":6266,"url":"https:\/\/seljak.me\/savjetuje\/upitnik\/","url_meta":{"origin":6332,"position":3},"title":"Upitnik","date":"19\/01\/2022","format":false,"excerpt":"Loading\u2026","rel":"","context":"Similar post","img":{"alt_text":"","src":"","width":0,"height":0},"classes":[]},{"id":225,"url":"https:\/\/seljak.me\/savjetuje\/blog-big-thumbnail\/","url_meta":{"origin":6332,"position":4},"title":"Blog Seljak","date":"16\/10\/2015","format":false,"excerpt":"","rel":"","context":"Similar post","img":{"alt_text":"","src":"https:\/\/i0.wp.com\/seljak.me\/savjetuje\/wp-content\/uploads\/2021\/12\/Untitled-1.jpg?resize=350%2C200&ssl=1","width":350,"height":200},"classes":[]},{"id":6325,"url":"https:\/\/seljak.me\/savjetuje\/pravila-komentarisanja\/","url_meta":{"origin":6332,"position":5},"title":"Pravila komentarisanja","date":"25\/01\/2022","format":false,"excerpt":"Administratori portala \u201cSeljak.me\u201d ovla\u0161\u0107eni su za primjenu pravila komentarisanja. Ukoliko administratori portala \u201cSeljak.me\u201d utvrde kr\u0161enje pravila komentarisanja, uslijedi\u0107e upozorenje ili zabrana korisniku na kori\u0161\u0107enje korisni\u010dkog naloga. Pristup portalu \u201cSeljak.me\u201d, odnosno komentarisanju, mo\u017ee se onemogu\u0107iti i bez prethodnog upozorenja. Komentari objavljeni na portalu \u201cSeljak.me\u201d ne odra\u017eavaju stav vlasnika i uredni\u0161tva. Na\u2026","rel":"","context":"Similar post","img":{"alt_text":"","src":"","width":0,"height":0},"classes":[]}],"_links":{"self":[{"href":"https:\/\/seljak.me\/savjetuje\/wp-json\/wp\/v2\/pages\/6332"}],"collection":[{"href":"https:\/\/seljak.me\/savjetuje\/wp-json\/wp\/v2\/pages"}],"about":[{"href":"https:\/\/seljak.me\/savjetuje\/wp-json\/wp\/v2\/types\/page"}],"author":[{"embeddable":true,"href":"https:\/\/seljak.me\/savjetuje\/wp-json\/wp\/v2\/users\/1"}],"replies":[{"embeddable":true,"href":"https:\/\/seljak.me\/savjetuje\/wp-json\/wp\/v2\/comments?post=6332"}],"version-history":[{"count":8,"href":"https:\/\/seljak.me\/savjetuje\/wp-json\/wp\/v2\/pages\/6332\/revisions"}],"predecessor-version":[{"id":15828,"href":"https:\/\/seljak.me\/savjetuje\/wp-json\/wp\/v2\/pages\/6332\/revisions\/15828"}],"wp:attachment":[{"href":"https:\/\/seljak.me\/savjetuje\/wp-json\/wp\/v2\/media?parent=6332"}],"curies":[{"name":"wp","href":"https:\/\/api.w.org\/{rel}","templated":true}]}}