{"id":6329,"date":"2022-01-25T10:57:52","date_gmt":"2022-01-25T09:57:52","guid":{"rendered":"https:\/\/seljak.me\/savjetuje\/?page_id=6329"},"modified":"2022-01-25T10:57:52","modified_gmt":"2022-01-25T09:57:52","slug":"politika-privatnosti","status":"publish","type":"page","link":"https:\/\/seljak.me\/savjetuje\/politika-privatnosti\/","title":{"rendered":"Politika privatnosti"},"content":{"rendered":"<p style=\"text-align: justify;\">Prihvatanjem pravila i uslova kori\u0161\u0107enja sajta i internet servisa Portal Seljak.me (u daljem tekstu servis Portal seljak.me\/savjetuje), korisnik usluga potvr\u0111uje saglasnost da \u0107e svoje pona\u0161anje i poslovanje na servisu Portal seljak.me\/savjetuje podrediti pravilima i uslovima kori\u0161\u0107enjima, a koji su u skladu sa svim va\u017ee\u0107im zakonskim propisima u republikama iz kojih poti\u010du. Saglasni ste da ispunjavate sve zakonske obaveze u vezi sa platnim prometom, kao \u0161to su porezi, da\u017ebine, tro\u0161kovi poslovanja, prema va\u017ee\u0107im propisima republika iz kojih poti\u010dete.<\/p>\n<p style=\"text-align: justify;\">Korisnik usluga je saglasan da su uslovi i pravila kori\u0161\u0107enja servisa Portal seljak.me\/savjetuje podlo\u017eni promjenama, te da pru\u017ealac usluga nije u obavezi da ih obavijesti o promjenama istih, ve\u0107 \u0107e omogu\u0107iti pristup stranici gde se nalaze Pravila i uslovi kori\u0161\u0107enja.<\/p>\n<p style=\"text-align: justify;\">Svo poslovanje servisa Portal seljak.me\/savjetuje je u saglasnosti sa va\u017ee\u0107im propisima dr\u017eave Crne Gore, iz oblasti elektronske trgovine, za\u0161tite autorskih prava, za\u0161tite privatnosti podataka o li\u010dnosti i zakona o obligacionim odnosima.<\/p>\n<h3 style=\"text-align: justify;\">Autorska prava<\/h3>\n<p style=\"text-align: justify;\">Servis Portal seljak.me\/savjetuje ima isklju\u010diva autorska prava na sajtu www.seljak.me\/savjetuje, uklju\u010duju\u0107i tekst, slike, audio, video, audio-vizuelni sadr\u017eaj, dizajn, programski kod, baze podataka. Svako neovla\u0161\u0107eno raspolaganje bilo kojim dijelom ili cijelinom od navedenih, smatra\u0107e se zloupotrebom i kr\u0161enjem autorskog prava, te podle\u017ee sankcionisanju u skladu sa zakonom.<\/p>\n<p style=\"text-align: justify;\">Servis Portal seljak.me\/savjetuje sadr\u017ei i elemente na kojima isklju\u010diva autorska i druga prava iz oblasti intelektualne svojine imaju druga lica, kao \u0161to su sadr\u017eaji korisnika usluga, poslovnih partnera, ogla\u0161iva\u010da i besplatnog sadr\u017eaja, tekstova i fotografija. Druga lica imaju isklju\u010divu odgovornost za sadr\u017eaj na kojem su nosioci tih prava, bez obzira na to \u0161to se takav sadr\u017eaj nalazi na stranici Portal Seljak.me<\/p>\n<p style=\"text-align: justify;\">Dalje preno\u0161enje sadr\u017eaja, ili dijela sadr\u017eaja sa stranice Portal seljak.me\/savjetuje dozvoljena je samo uz prethodno nazna\u010denje da je preuzeta sa stranice seljak.me\/savjetuje<\/p>\n<h3 style=\"text-align: justify;\">Registracija, prikupljanje i obrada podataka<\/h3>\n<p style=\"text-align: justify;\">Registracija se obavlja se u skladu sa Pravilima i uslovima kori\u0161\u0107enja sajtaseljak.me\/savjetuje, te klikom na verifikacioni e-mail, koji korisnik, koji se registruje, dobija.<\/p>\n<p style=\"text-align: justify;\">Prihvatanjem verifikacionog e-maila, klikom na isti, korisnik usluga prihvata da se podaci u njegovoj e-mail adresi, kao i IP adresi prikupe i obrade u skladu sa Pravilima i uslovima kori\u0161\u0107enja i zakonom, u svrhe navedene u istima.<\/p>\n<p style=\"text-align: justify;\">Servis Portal seljak.me\/savjetuje zadr\u017eava pravo da odbije zahtjev za registraciju bilo kom korisniku, u bilo kom momentu. Tako\u0111e, korisnik usluga mo\u017ee otkazati registraciju, u bilo kom momentu, bez obrazlo\u017eenja, slanjem e-maila, sa adrese kojom se registrovao.<\/p>\n<p style=\"text-align: justify;\">Korisnik je saglasan da u eventualnom pokretanju sudskog postupka, svi podaci koji su prikupljeni, u skladu sa Pravilima i uslovima kori\u0161\u0107enja i zakonom, mogu biti upotrebljeni kao dokaz na sudu.<\/p>\n<p style=\"text-align: justify;\">Korisnik usluga kome je otkazana registracija od strane servisa Portal seljak.me\/savjetuje nema pravo da se ponovo registruje sa svojim, ili drugim imenom ili pseudonimom, bez prethodnog izri\u010ditog pristanka servisa Portal seljak.me\/savjetuje, u protivnom rizikuje da mu registracija ubudu\u0107e bude trajno zabranjena.<\/p>\n<p style=\"text-align: justify;\">Podaci neophodni za registraciju fizi\u010dkih lica: ime, prezime, grad, broj telefona, e-mail adresa.<\/p>\n<p style=\"text-align: justify;\">Servis Portal seljak.me\/savjetuje se obavezuje da \u0107e sa podacima korisnika sa kojima raspola\u017ee, postupati u skladu sa zakonom, za ta\u010dno odre\u0111enu svrhu za koju su podaci dati, kao i da se obavezuje da podaci ne\u0107e biti zloupotrebljavani u svrhe koji nisu predvi\u0111eni Pravilima i uslovima kori\u0161\u0107enja, osim ukoliko to ne zahteva nadle\u017eni organ, a u svrhu vo\u0111enja krivi\u010dnog ili prekr\u0161ajnog postupka. Odgovorno lice za prikupljanje podataka je Marko Mara\u0161. Svrha prikupljanja i obrade podataka su da se obezbedi nesmetano funkcionisanje servisa Portal Seljak.me, bezbjednost korisnika, kao i e-trgovinu korisnicima servisa, u skladu sa zakonom. Korisnik usluga se obavezuje da a\u017eurira podatke, ukoliko do\u0111e do njihove promjene.<\/p>\n<p style=\"text-align: justify;\">Ime, naziv, pseudonim kojim se korisnik usluga koristi na servisu Portal seljak.me\/savjetuje, ne smije biti uvrjedljivo, nepristojno, ne smije sadr\u017eati referencu na web ili e-mail adresu tre\u0107eg lica.<\/p>\n<p style=\"text-align: justify;\">Servis Portal seljak.me\/savjetuje ne odgovara za ta\u010dnost podataka unijetih na servisu od strane drugih lica, niti za rezultate obrade podataka koji su za predmet imali takve podatke<\/p>\n<p style=\"text-align: justify;\">Korisnik usluga ima pravo da svoj pristanak o prikupljanju i obradi podataka mo\u017ee povu\u0107i u svakom momentu, bez obrazlo\u017eenja, a \u0161to ima za posledicu prestanak pru\u017eanja usluga od strane servisa Portal seljak.me\/savjetuje, te dospijevanje eventualnih neizmirenih obaveza, kao i bilo koje prikupljanje podataka koje je bilo u toku u momentu povla\u010denja pristanka.<\/p>\n<p style=\"text-align: justify;\">U slu\u010daju nedozvoljene obrade podataka, korisnik usluga ima pravo na za\u0161titu, kao i druga prava koja mu zakonski pripadaju, u tom slu\u010daju. Vlasnik servisa Portal seljak.me\/savjetuje se obavezuje, da \u0107e preduzeti sve zakonske mere da bi takvu vrstu zloupotrebe spre\u010dio, a u slu\u010daju da do nje do\u0111e, kontaktira\u0107e nadle\u017ene organe.<\/p>\n<p style=\"text-align: justify;\">\n<h3 style=\"text-align: justify;\">Izjava o za\u0161titi privatnosti<\/h3>\n<p style=\"text-align: justify;\">\n<p style=\"text-align: justify;\">U ime Portal seljak.me\/savjetuje obavezujemo se da \u0107emo \u010duvati privatnost svih na\u0161ih kupaca i posjetioca.<\/p>\n<p style=\"text-align: justify;\">Prikupljamo samo neophodne, osnovne podatke o kupcima\/ korisnicima i podatke neophodne za poslovanje i informisanje korisnika u skladu sa dobrim poslovnim obi\u010dajima i u cilju pru\u017eanja kvalitetne usluge.<\/p>\n<p style=\"text-align: justify;\">Svi podaci o korisnicima\/kupcima se strogo \u010duvaju i dostupni su samo zapo\u0161ljenima kojima su ti podaci nu\u017eni za obavljanje posla. Svi zapo\u0161ljeni odgovorni su za po\u0161tovanje na\u010dela za\u0161tite privatnosti.<\/p>\n<p style=\"text-align: justify;\">Tajnost Va\u0161ih podataka je za\u0161ti\u0107ena i osigurana upotrebom SSL enkripcije. SSL enkripcija je postupak \u0161ifriranja podataka radi sprije\u010davanja neovla\u0161tenog pristupa prilikom njihovog prenosa. Time je omogu\u0107en siguran prenos informacija, te onemogu\u0107en nedozvoljen pristup podacima prilikom komunikacije izme\u0111u korisnikovog ra\u010dunara i na\u0161eg sajta.<\/p>\n","protected":false},"excerpt":{"rendered":"<p>Prihvatanjem pravila i uslova kori\u0161\u0107enja sajta i internet servisa Portal Seljak.me (u daljem tekstu servis Portal seljak.me\/savjetuje), korisnik usluga potvr\u0111uje saglasnost da \u0107e svoje pona\u0161anje i poslovanje na servisu Portal seljak.me\/savjetuje podrediti pravilima i uslovima kori\u0161\u0107enjima, a koji su u skladu sa svim va\u017ee\u0107im zakonskim propisima u republikama iz kojih poti\u010du. Saglasni ste da ispunjavate&#8230;<a class=\"btnReadMore\" href=\"https:\/\/seljak.me\/savjetuje\/politika-privatnosti\/\"> Pro\u010ditajte vi\u0161e&#8230;<\/a><\/p>\n","protected":false},"author":1,"featured_media":0,"parent":0,"menu_order":0,"comment_status":"closed","ping_status":"closed","template":"","meta":{"ngg_post_thumbnail":0,"spay_email":""},"yoast_head":"<!-- This site is optimized with the Yoast SEO plugin v17.7.1 - https:\/\/yoast.com\/wordpress\/plugins\/seo\/ -->\n<title>Politika privatnosti - Savjetuje<\/title>\n<meta name=\"robots\" content=\"index, follow, max-snippet:-1, max-image-preview:large, max-video-preview:-1\" \/>\n<link rel=\"canonical\" href=\"https:\/\/seljak.me\/savjetuje\/politika-privatnosti\/\" \/>\n<meta property=\"og:locale\" content=\"sr_RS\" \/>\n<meta property=\"og:type\" content=\"article\" \/>\n<meta property=\"og:title\" content=\"Politika privatnosti - Savjetuje\" \/>\n<meta property=\"og:description\" content=\"Prihvatanjem pravila i uslova kori\u0161\u0107enja sajta i internet servisa Portal Seljak.me (u daljem tekstu servis Portal seljak.me\/savjetuje), korisnik usluga potvr\u0111uje saglasnost da \u0107e svoje pona\u0161anje i poslovanje na servisu Portal seljak.me\/savjetuje podrediti pravilima i uslovima kori\u0161\u0107enjima, a koji su u skladu sa svim va\u017ee\u0107im zakonskim propisima u republikama iz kojih poti\u010du. Saglasni ste da ispunjavate... Pro\u010ditajte vi\u0161e...\" \/>\n<meta property=\"og:url\" content=\"https:\/\/seljak.me\/savjetuje\/politika-privatnosti\/\" \/>\n<meta property=\"og:site_name\" content=\"Savjetuje\" \/>\n<meta property=\"article:publisher\" content=\"https:\/\/www.facebook.com\/seljak.me\/\" \/>\n<meta name=\"twitter:card\" content=\"summary_large_image\" \/>\n<meta name=\"twitter:label1\" content=\"Est. reading time\" \/>\n\t<meta name=\"twitter:data1\" content=\"4 \u043c\u0438\u043d\u0443\u0442\u0430\" \/>\n<script type=\"application\/ld+json\" class=\"yoast-schema-graph\">{\"@context\":\"https:\/\/schema.org\",\"@graph\":[{\"@type\":\"WebSite\",\"@id\":\"https:\/\/seljak.me\/savjetuje\/#website\",\"url\":\"https:\/\/seljak.me\/savjetuje\/\",\"name\":\"Savjetuje\",\"description\":\"Seljak savjetuje\",\"potentialAction\":[{\"@type\":\"SearchAction\",\"target\":{\"@type\":\"EntryPoint\",\"urlTemplate\":\"https:\/\/seljak.me\/savjetuje\/?s={search_term_string}\"},\"query-input\":\"required name=search_term_string\"}],\"inLanguage\":\"sr-RS\"},{\"@type\":\"WebPage\",\"@id\":\"https:\/\/seljak.me\/savjetuje\/politika-privatnosti\/#webpage\",\"url\":\"https:\/\/seljak.me\/savjetuje\/politika-privatnosti\/\",\"name\":\"Politika privatnosti - Savjetuje\",\"isPartOf\":{\"@id\":\"https:\/\/seljak.me\/savjetuje\/#website\"},\"datePublished\":\"2022-01-25T09:57:52+00:00\",\"dateModified\":\"2022-01-25T09:57:52+00:00\",\"breadcrumb\":{\"@id\":\"https:\/\/seljak.me\/savjetuje\/politika-privatnosti\/#breadcrumb\"},\"inLanguage\":\"sr-RS\",\"potentialAction\":[{\"@type\":\"ReadAction\",\"target\":[\"https:\/\/seljak.me\/savjetuje\/politika-privatnosti\/\"]}]},{\"@type\":\"BreadcrumbList\",\"@id\":\"https:\/\/seljak.me\/savjetuje\/politika-privatnosti\/#breadcrumb\",\"itemListElement\":[{\"@type\":\"ListItem\",\"position\":1,\"name\":\"Naslovna\",\"item\":\"https:\/\/seljak.me\/savjetuje\/\"},{\"@type\":\"ListItem\",\"position\":2,\"name\":\"Politika privatnosti\"}]}]}<\/script>\n<!-- \/ Yoast SEO plugin. -->","yoast_head_json":{"title":"Politika privatnosti - Savjetuje","robots":{"index":"index","follow":"follow","max-snippet":"max-snippet:-1","max-image-preview":"max-image-preview:large","max-video-preview":"max-video-preview:-1"},"canonical":"https:\/\/seljak.me\/savjetuje\/politika-privatnosti\/","og_locale":"sr_RS","og_type":"article","og_title":"Politika privatnosti - Savjetuje","og_description":"Prihvatanjem pravila i uslova kori\u0161\u0107enja sajta i internet servisa Portal Seljak.me (u daljem tekstu servis Portal seljak.me\/savjetuje), korisnik usluga potvr\u0111uje saglasnost da \u0107e svoje pona\u0161anje i poslovanje na servisu Portal seljak.me\/savjetuje podrediti pravilima i uslovima kori\u0161\u0107enjima, a koji su u skladu sa svim va\u017ee\u0107im zakonskim propisima u republikama iz kojih poti\u010du. Saglasni ste da ispunjavate... Pro\u010ditajte vi\u0161e...","og_url":"https:\/\/seljak.me\/savjetuje\/politika-privatnosti\/","og_site_name":"Savjetuje","article_publisher":"https:\/\/www.facebook.com\/seljak.me\/","twitter_card":"summary_large_image","twitter_misc":{"Est. reading time":"4 \u043c\u0438\u043d\u0443\u0442\u0430"},"schema":{"@context":"https:\/\/schema.org","@graph":[{"@type":"WebSite","@id":"https:\/\/seljak.me\/savjetuje\/#website","url":"https:\/\/seljak.me\/savjetuje\/","name":"Savjetuje","description":"Seljak savjetuje","potentialAction":[{"@type":"SearchAction","target":{"@type":"EntryPoint","urlTemplate":"https:\/\/seljak.me\/savjetuje\/?s={search_term_string}"},"query-input":"required name=search_term_string"}],"inLanguage":"sr-RS"},{"@type":"WebPage","@id":"https:\/\/seljak.me\/savjetuje\/politika-privatnosti\/#webpage","url":"https:\/\/seljak.me\/savjetuje\/politika-privatnosti\/","name":"Politika privatnosti - Savjetuje","isPartOf":{"@id":"https:\/\/seljak.me\/savjetuje\/#website"},"datePublished":"2022-01-25T09:57:52+00:00","dateModified":"2022-01-25T09:57:52+00:00","breadcrumb":{"@id":"https:\/\/seljak.me\/savjetuje\/politika-privatnosti\/#breadcrumb"},"inLanguage":"sr-RS","potentialAction":[{"@type":"ReadAction","target":["https:\/\/seljak.me\/savjetuje\/politika-privatnosti\/"]}]},{"@type":"BreadcrumbList","@id":"https:\/\/seljak.me\/savjetuje\/politika-privatnosti\/#breadcrumb","itemListElement":[{"@type":"ListItem","position":1,"name":"Naslovna","item":"https:\/\/seljak.me\/savjetuje\/"},{"@type":"ListItem","position":2,"name":"Politika privatnosti"}]}]}},"jetpack-related-posts":[{"id":6325,"url":"https:\/\/seljak.me\/savjetuje\/pravila-komentarisanja\/","url_meta":{"origin":6329,"position":0},"title":"Pravila komentarisanja","date":"25\/01\/2022","format":false,"excerpt":"Administratori portala \u201cSeljak.me\u201d ovla\u0161\u0107eni su za primjenu pravila komentarisanja. Ukoliko administratori portala \u201cSeljak.me\u201d utvrde kr\u0161enje pravila komentarisanja, uslijedi\u0107e upozorenje ili zabrana korisniku na kori\u0161\u0107enje korisni\u010dkog naloga. Pristup portalu \u201cSeljak.me\u201d, odnosno komentarisanju, mo\u017ee se onemogu\u0107iti i bez prethodnog upozorenja. Komentari objavljeni na portalu \u201cSeljak.me\u201d ne odra\u017eavaju stav vlasnika i uredni\u0161tva. Na\u2026","rel":"","context":"Similar post","img":{"alt_text":"","src":"","width":0,"height":0},"classes":[]},{"id":5143,"url":"https:\/\/seljak.me\/savjetuje\/budite-primijeceni-agrobiznis-nalog-na-seljak-me-platformi\/","url_meta":{"origin":6329,"position":1},"title":"Budite primije\u0107eni &#8211; Agrobiznis nalog na Seljak.me platformi","date":"18\/09\/2021","format":false,"excerpt":"\u00a0 Seljak.me predstavlja digitalnu platformu, koja na jednom mjestu spaja crnogorske poljoprivrednike\/proizvo\u0111a\u010de sa potencijalnim kupcima. Ure\u0111iva\u010dki tim portala, na inovativan na\u010din omogu\u0107ava doma\u0107im poljoprivrednicima da vrlo lako i intuitivno koriste portal, u cilju kreiranja oglasa i predstavljanja svojih dobara. U nastavku smo pripremili ponudu za privredna dru\u0161tva koja posluju u\u2026","rel":"","context":"Similar post","img":{"alt_text":"","src":"https:\/\/i0.wp.com\/seljak.me\/savjetuje\/wp-content\/uploads\/2021\/09\/Agrobiznis-nalozi.jpg?resize=350%2C200&ssl=1","width":350,"height":200},"classes":[]},{"id":5701,"url":"https:\/\/seljak.me\/savjetuje\/popust-za-dan-zaljubljenih-hvala\/","url_meta":{"origin":6329,"position":2},"title":"Popust za dan zaljubljenih &#8211; Hvala","date":"11\/12\/2021","format":false,"excerpt":"Da biste ostvarili popust na godi\u0161nju \u010dlanarinu, u okviru akcije za Dan zaljubljenih, pozivamo Vas da pro\u010ditate uputstva u nastavku. Uplatu u iznosu od 10\u20ac mo\u017eete izvr\u0161iti u banci ili po\u0161ti na \u017eiro ra\u010dun 565-3619-94, DOO Seljak sa naznakom \u010clanarina, zaklju\u010dno sa 14.02. do pono\u0107i. Fotografiju uplatnice mo\u017eete poslati na\u2026","rel":"","context":"Similar post","img":{"alt_text":"","src":"https:\/\/i0.wp.com\/seljak.me\/savjetuje\/wp-content\/uploads\/2022\/02\/14feb-1024x1024.png?resize=350%2C200&ssl=1","width":350,"height":200},"classes":[]},{"id":6339,"url":"https:\/\/seljak.me\/savjetuje\/cjenovnik-oglasavanja\/","url_meta":{"origin":6329,"position":3},"title":"Cjenovnik ogla\u0161avanja","date":"25\/01\/2022","format":false,"excerpt":"U nastavku se mo\u017eete upoznati sa cjenovnikom zakupa banerskog prostora na www.seljak.me platformi Dok za objavljivanje oglasa iz domena poljoprivrede mo\u017eete pogledati klikom OVDJE.","rel":"","context":"Similar post","img":{"alt_text":"","src":"","width":0,"height":0},"classes":[]},{"id":5688,"url":"https:\/\/seljak.me\/savjetuje\/hvala\/","url_meta":{"origin":6329,"position":4},"title":"Hvala","date":"11\/12\/2021","format":false,"excerpt":"Uplatu \u010dlanarine u iznosu od 10\u20ac mo\u017eete izvr\u0161iti u banci ili po\u0161ti na \u017eiro ra\u010dun 565-3619-94, DOO Seljak sa naznakom Novogodi\u0161nja \u010dlanarina. Fotografiju uplatnice mo\u017eete poslati na 067\/860-424 nakon \u010dega \u0107e Vam se aktivirati godi\u0161nji paket za neograni\u010deno dodavanje oglasa. \u00a0","rel":"","context":"Similar post","img":{"alt_text":"","src":"https:\/\/i0.wp.com\/seljak.me\/savjetuje\/wp-content\/uploads\/2021\/12\/Srecne-novogodisnje-i-bozicne-praznike-zeli-Vam.jpg?resize=350%2C200&ssl=1","width":350,"height":200},"classes":[]},{"id":6332,"url":"https:\/\/seljak.me\/savjetuje\/impresum\/","url_meta":{"origin":6329,"position":5},"title":"Impresum","date":"25\/01\/2022","format":false,"excerpt":"Naziv pravnog lica:\u00a0Seljak doo, PIB 03209075 Izvr\u0161ni direktor: Marko Mara\u0161 , info@seljak.me; 067 860 424 Vlasni\u010dka struktura: Marko Mara\u0161 100% Kontakt marketing: marketing@seljak.me Adresa: Ivana Crnojevi\u0107a 36, Podgorica Kontakt email: info@seljak.me Kontakt telefon:\u00a0 067 860 424 Glavni i odgovorni urednik: Marko Mara\u0161 Novinari\/ke: An\u0111ela Boji\u0107, Dina Maljevi\u0107 dipl. ing. prehrambene\u2026","rel":"","context":"Similar post","img":{"alt_text":"","src":"","width":0,"height":0},"classes":[]}],"_links":{"self":[{"href":"https:\/\/seljak.me\/savjetuje\/wp-json\/wp\/v2\/pages\/6329"}],"collection":[{"href":"https:\/\/seljak.me\/savjetuje\/wp-json\/wp\/v2\/pages"}],"about":[{"href":"https:\/\/seljak.me\/savjetuje\/wp-json\/wp\/v2\/types\/page"}],"author":[{"embeddable":true,"href":"https:\/\/seljak.me\/savjetuje\/wp-json\/wp\/v2\/users\/1"}],"replies":[{"embeddable":true,"href":"https:\/\/seljak.me\/savjetuje\/wp-json\/wp\/v2\/comments?post=6329"}],"version-history":[{"count":1,"href":"https:\/\/seljak.me\/savjetuje\/wp-json\/wp\/v2\/pages\/6329\/revisions"}],"predecessor-version":[{"id":6330,"href":"https:\/\/seljak.me\/savjetuje\/wp-json\/wp\/v2\/pages\/6329\/revisions\/6330"}],"wp:attachment":[{"href":"https:\/\/seljak.me\/savjetuje\/wp-json\/wp\/v2\/media?parent=6329"}],"curies":[{"name":"wp","href":"https:\/\/api.w.org\/{rel}","templated":true}]}}