{"id":6325,"date":"2022-01-25T10:51:06","date_gmt":"2022-01-25T09:51:06","guid":{"rendered":"https:\/\/seljak.me\/savjetuje\/?page_id=6325"},"modified":"2022-01-25T10:51:06","modified_gmt":"2022-01-25T09:51:06","slug":"pravila-komentarisanja","status":"publish","type":"page","link":"https:\/\/seljak.me\/savjetuje\/pravila-komentarisanja\/","title":{"rendered":"Pravila komentarisanja"},"content":{"rendered":"<p style=\"text-align: justify;\">Administratori portala \u201cSeljak.me\u201d ovla\u0161\u0107eni su za primjenu pravila komentarisanja.<\/p>\n<p style=\"text-align: justify;\">Ukoliko administratori portala \u201cSeljak.me\u201d utvrde kr\u0161enje pravila komentarisanja, uslijedi\u0107e upozorenje ili zabrana korisniku na kori\u0161\u0107enje korisni\u010dkog naloga.<\/p>\n<p style=\"text-align: justify;\">Pristup portalu \u201cSeljak.me\u201d, odnosno komentarisanju, mo\u017ee se onemogu\u0107iti i bez prethodnog upozorenja.<\/p>\n<p style=\"text-align: justify;\">Komentari objavljeni na portalu \u201cSeljak.me\u201d ne odra\u017eavaju stav vlasnika i uredni\u0161tva.<\/p>\n<p style=\"text-align: justify;\">Na portalu \u201cSeljak.me\u201d zabranjen je govor mr\u017enje, vrije\u0111anje po nacionalnoj, rasnoj ili polnoj osnovi, vrije\u0111anje li\u010dnosti \u010dije ime se pojavljuje u tekstovima portala kao i kori\u0161\u0107enje vulgarnih i neprimjerenih rije\u010di. Svako kori\u0161\u0107enje portala suprotno prethodno navedenom kazni\u0107e se ukidanjem korisniku prava pristupa portalu uz trajno ili privremeno zabranjen pristup.<\/p>\n<p style=\"text-align: justify;\">Svako ugro\u017eavanje li\u010dne i porodi\u010dne bezbjednosti korisnika portala kao i osoba \u010dije se ime pominje u tekstovima portala, putem prijetnji ili na bilo koji drugi na\u010din, je nedozvoljeno i svako takvo pona\u0161anje mo\u017ee biti procesuirano kod nadle\u017enih organa.<\/p>\n<p style=\"text-align: justify;\">Nije dozvoljeno postavljanje sadr\u017eaja i linkova pornografskog, \u0161ovinsti\u010dkog i uvredljivog sadr\u017eaja.<\/p>\n<p style=\"text-align: justify;\">Nije dozvoljeno la\u017eno predstavljanje, predstavljanje u ime drugog pravnog ili fizi\u010dkog lica.<\/p>\n<p style=\"text-align: justify;\">Nije dozvoljena upotreba tzv. keyeva, hackova, crackova ili drugog materijala ilegalne prirode, uklju\u010duju\u0107i ilegalne stranice za download.<\/p>\n<p style=\"text-align: justify;\">Prestupi ove vrste rezultira\u0107e trajnom zabranom kori\u0161\u0107enja korisni\u010dkog naloga.<\/p>\n<p style=\"text-align: justify;\">Zabranjeno je ogla\u0161avanje i postavljanje linkova \u010dija svrha nije davanje dodatnih informacija u vezi sa sadr\u017eajem portala.<\/p>\n<p style=\"text-align: justify;\">Zabranjeno je objavljivanje, slanje i razmjena sadr\u017eaja koji podlije\u017eu autorsko-pravnoj za\u0161titi.<\/p>\n<p style=\"text-align: justify;\">Zabranjeno je prikupljanje i objavljivanje li\u010dnih podataka drugih posjetilaca ili korisnika Portala.<\/p>\n<p style=\"text-align: justify;\">Komentari i sadr\u017eaj koji se ne odnosi na teme portala bi\u0107e obrisani bez obavje\u0161tenja, a korisnicima koji \u0161alju takve komentare i sadr\u017eaje u vi\u0161e navrata bi\u0107e zabranjen pristup portalu.<\/p>\n<p style=\"text-align: justify;\">Odluka administratora je kona\u010dna i na nju korisnici nemaju pravo \u017ealbe.<\/p>\n<h3 style=\"text-align: justify;\">Registracija korisnika<\/h3>\n<p style=\"text-align: justify;\">Samo korisnici koji se registruju mogu komentarisati sadr\u017eaj Portala, u skladu sa ovim Pravilima.<\/p>\n<p style=\"text-align: justify;\">Registrovanjem na portalu \u201cSeljak.me\u201d korisnik unosi istinite podatke i bira korisni\u010dko ime i lozinku. Zabranjena je upotreba uvrijedljivih korisni\u010dkih imena.<\/p>\n<p style=\"text-align: justify;\">Za sve objavljene sadr\u017eaje pod korisni\u010dkim imenom odgovoran je isklju\u010divo korisnik. Portal \u201cSeljak.me\u201d nije odgovoran za neovla\u0161\u0107eno kori\u0161\u0107enje naloga, kao ni mogu\u0107u \u0161tetu na taj na\u010din u\u010dinjenu tre\u0107im licima.<\/p>\n<p style=\"text-align: justify;\">Portal \u201cSeljak.me\u201d ne snosi odgovornost za eventualnu \u0161tetu nastalu ukidanjem korisni\u010dkog naloga i usluga za koje je korisnik registrovan.<\/p>\n","protected":false},"excerpt":{"rendered":"<p>Administratori portala \u201cSeljak.me\u201d ovla\u0161\u0107eni su za primjenu pravila komentarisanja. Ukoliko administratori portala \u201cSeljak.me\u201d utvrde kr\u0161enje pravila komentarisanja, uslijedi\u0107e upozorenje ili zabrana korisniku na kori\u0161\u0107enje korisni\u010dkog naloga. Pristup portalu \u201cSeljak.me\u201d, odnosno komentarisanju, mo\u017ee se onemogu\u0107iti i bez prethodnog upozorenja. Komentari objavljeni na portalu \u201cSeljak.me\u201d ne odra\u017eavaju stav vlasnika i uredni\u0161tva. Na portalu \u201cSeljak.me\u201d zabranjen je govor&#8230;<a class=\"btnReadMore\" href=\"https:\/\/seljak.me\/savjetuje\/pravila-komentarisanja\/\"> Pro\u010ditajte vi\u0161e&#8230;<\/a><\/p>\n","protected":false},"author":1,"featured_media":0,"parent":0,"menu_order":0,"comment_status":"closed","ping_status":"closed","template":"","meta":{"ngg_post_thumbnail":0,"spay_email":""},"yoast_head":"<!-- This site is optimized with the Yoast SEO plugin v17.7.1 - https:\/\/yoast.com\/wordpress\/plugins\/seo\/ -->\n<title>Pravila komentarisanja - Savjetuje<\/title>\n<meta name=\"robots\" content=\"index, follow, max-snippet:-1, max-image-preview:large, max-video-preview:-1\" \/>\n<link rel=\"canonical\" href=\"https:\/\/seljak.me\/savjetuje\/pravila-komentarisanja\/\" \/>\n<meta property=\"og:locale\" content=\"sr_RS\" \/>\n<meta property=\"og:type\" content=\"article\" \/>\n<meta property=\"og:title\" content=\"Pravila komentarisanja - Savjetuje\" \/>\n<meta property=\"og:description\" content=\"Administratori portala \u201cSeljak.me\u201d ovla\u0161\u0107eni su za primjenu pravila komentarisanja. Ukoliko administratori portala \u201cSeljak.me\u201d utvrde kr\u0161enje pravila komentarisanja, uslijedi\u0107e upozorenje ili zabrana korisniku na kori\u0161\u0107enje korisni\u010dkog naloga. Pristup portalu \u201cSeljak.me\u201d, odnosno komentarisanju, mo\u017ee se onemogu\u0107iti i bez prethodnog upozorenja. Komentari objavljeni na portalu \u201cSeljak.me\u201d ne odra\u017eavaju stav vlasnika i uredni\u0161tva. Na portalu \u201cSeljak.me\u201d zabranjen je govor... Pro\u010ditajte vi\u0161e...\" \/>\n<meta property=\"og:url\" content=\"https:\/\/seljak.me\/savjetuje\/pravila-komentarisanja\/\" \/>\n<meta property=\"og:site_name\" content=\"Savjetuje\" \/>\n<meta property=\"article:publisher\" content=\"https:\/\/www.facebook.com\/seljak.me\/\" \/>\n<meta name=\"twitter:card\" content=\"summary_large_image\" \/>\n<meta name=\"twitter:label1\" content=\"Est. reading time\" \/>\n\t<meta name=\"twitter:data1\" content=\"2 \u043c\u0438\u043d\u0443\u0442\u0430\" \/>\n<script type=\"application\/ld+json\" class=\"yoast-schema-graph\">{\"@context\":\"https:\/\/schema.org\",\"@graph\":[{\"@type\":\"WebSite\",\"@id\":\"https:\/\/seljak.me\/savjetuje\/#website\",\"url\":\"https:\/\/seljak.me\/savjetuje\/\",\"name\":\"Savjetuje\",\"description\":\"Seljak savjetuje\",\"potentialAction\":[{\"@type\":\"SearchAction\",\"target\":{\"@type\":\"EntryPoint\",\"urlTemplate\":\"https:\/\/seljak.me\/savjetuje\/?s={search_term_string}\"},\"query-input\":\"required name=search_term_string\"}],\"inLanguage\":\"sr-RS\"},{\"@type\":\"WebPage\",\"@id\":\"https:\/\/seljak.me\/savjetuje\/pravila-komentarisanja\/#webpage\",\"url\":\"https:\/\/seljak.me\/savjetuje\/pravila-komentarisanja\/\",\"name\":\"Pravila komentarisanja - Savjetuje\",\"isPartOf\":{\"@id\":\"https:\/\/seljak.me\/savjetuje\/#website\"},\"datePublished\":\"2022-01-25T09:51:06+00:00\",\"dateModified\":\"2022-01-25T09:51:06+00:00\",\"breadcrumb\":{\"@id\":\"https:\/\/seljak.me\/savjetuje\/pravila-komentarisanja\/#breadcrumb\"},\"inLanguage\":\"sr-RS\",\"potentialAction\":[{\"@type\":\"ReadAction\",\"target\":[\"https:\/\/seljak.me\/savjetuje\/pravila-komentarisanja\/\"]}]},{\"@type\":\"BreadcrumbList\",\"@id\":\"https:\/\/seljak.me\/savjetuje\/pravila-komentarisanja\/#breadcrumb\",\"itemListElement\":[{\"@type\":\"ListItem\",\"position\":1,\"name\":\"Naslovna\",\"item\":\"https:\/\/seljak.me\/savjetuje\/\"},{\"@type\":\"ListItem\",\"position\":2,\"name\":\"Pravila komentarisanja\"}]}]}<\/script>\n<!-- \/ Yoast SEO plugin. -->","yoast_head_json":{"title":"Pravila komentarisanja - Savjetuje","robots":{"index":"index","follow":"follow","max-snippet":"max-snippet:-1","max-image-preview":"max-image-preview:large","max-video-preview":"max-video-preview:-1"},"canonical":"https:\/\/seljak.me\/savjetuje\/pravila-komentarisanja\/","og_locale":"sr_RS","og_type":"article","og_title":"Pravila komentarisanja - Savjetuje","og_description":"Administratori portala \u201cSeljak.me\u201d ovla\u0161\u0107eni su za primjenu pravila komentarisanja. Ukoliko administratori portala \u201cSeljak.me\u201d utvrde kr\u0161enje pravila komentarisanja, uslijedi\u0107e upozorenje ili zabrana korisniku na kori\u0161\u0107enje korisni\u010dkog naloga. Pristup portalu \u201cSeljak.me\u201d, odnosno komentarisanju, mo\u017ee se onemogu\u0107iti i bez prethodnog upozorenja. Komentari objavljeni na portalu \u201cSeljak.me\u201d ne odra\u017eavaju stav vlasnika i uredni\u0161tva. Na portalu \u201cSeljak.me\u201d zabranjen je govor... Pro\u010ditajte vi\u0161e...","og_url":"https:\/\/seljak.me\/savjetuje\/pravila-komentarisanja\/","og_site_name":"Savjetuje","article_publisher":"https:\/\/www.facebook.com\/seljak.me\/","twitter_card":"summary_large_image","twitter_misc":{"Est. reading time":"2 \u043c\u0438\u043d\u0443\u0442\u0430"},"schema":{"@context":"https:\/\/schema.org","@graph":[{"@type":"WebSite","@id":"https:\/\/seljak.me\/savjetuje\/#website","url":"https:\/\/seljak.me\/savjetuje\/","name":"Savjetuje","description":"Seljak savjetuje","potentialAction":[{"@type":"SearchAction","target":{"@type":"EntryPoint","urlTemplate":"https:\/\/seljak.me\/savjetuje\/?s={search_term_string}"},"query-input":"required name=search_term_string"}],"inLanguage":"sr-RS"},{"@type":"WebPage","@id":"https:\/\/seljak.me\/savjetuje\/pravila-komentarisanja\/#webpage","url":"https:\/\/seljak.me\/savjetuje\/pravila-komentarisanja\/","name":"Pravila komentarisanja - Savjetuje","isPartOf":{"@id":"https:\/\/seljak.me\/savjetuje\/#website"},"datePublished":"2022-01-25T09:51:06+00:00","dateModified":"2022-01-25T09:51:06+00:00","breadcrumb":{"@id":"https:\/\/seljak.me\/savjetuje\/pravila-komentarisanja\/#breadcrumb"},"inLanguage":"sr-RS","potentialAction":[{"@type":"ReadAction","target":["https:\/\/seljak.me\/savjetuje\/pravila-komentarisanja\/"]}]},{"@type":"BreadcrumbList","@id":"https:\/\/seljak.me\/savjetuje\/pravila-komentarisanja\/#breadcrumb","itemListElement":[{"@type":"ListItem","position":1,"name":"Naslovna","item":"https:\/\/seljak.me\/savjetuje\/"},{"@type":"ListItem","position":2,"name":"Pravila komentarisanja"}]}]}},"jetpack-related-posts":[{"id":6329,"url":"https:\/\/seljak.me\/savjetuje\/politika-privatnosti\/","url_meta":{"origin":6325,"position":0},"title":"Politika privatnosti","date":"25\/01\/2022","format":false,"excerpt":"Prihvatanjem pravila i uslova kori\u0161\u0107enja sajta i internet servisa Portal Seljak.me (u daljem tekstu servis Portal seljak.me\/savjetuje), korisnik usluga potvr\u0111uje saglasnost da \u0107e svoje pona\u0161anje i poslovanje na servisu Portal seljak.me\/savjetuje podrediti pravilima i uslovima kori\u0161\u0107enjima, a koji su u skladu sa svim va\u017ee\u0107im zakonskim propisima u republikama iz kojih\u2026","rel":"","context":"Similar post","img":{"alt_text":"","src":"","width":0,"height":0},"classes":[]},{"id":5143,"url":"https:\/\/seljak.me\/savjetuje\/budite-primijeceni-agrobiznis-nalog-na-seljak-me-platformi\/","url_meta":{"origin":6325,"position":1},"title":"Budite primije\u0107eni &#8211; Agrobiznis nalog na Seljak.me platformi","date":"18\/09\/2021","format":false,"excerpt":"\u00a0 Seljak.me predstavlja digitalnu platformu, koja na jednom mjestu spaja crnogorske poljoprivrednike\/proizvo\u0111a\u010de sa potencijalnim kupcima. Ure\u0111iva\u010dki tim portala, na inovativan na\u010din omogu\u0107ava doma\u0107im poljoprivrednicima da vrlo lako i intuitivno koriste portal, u cilju kreiranja oglasa i predstavljanja svojih dobara. U nastavku smo pripremili ponudu za privredna dru\u0161tva koja posluju u\u2026","rel":"","context":"Similar post","img":{"alt_text":"","src":"https:\/\/i0.wp.com\/seljak.me\/savjetuje\/wp-content\/uploads\/2021\/09\/Agrobiznis-nalozi.jpg?resize=350%2C200&ssl=1","width":350,"height":200},"classes":[]},{"id":5701,"url":"https:\/\/seljak.me\/savjetuje\/popust-za-dan-zaljubljenih-hvala\/","url_meta":{"origin":6325,"position":2},"title":"Popust za dan zaljubljenih &#8211; Hvala","date":"11\/12\/2021","format":false,"excerpt":"Da biste ostvarili popust na godi\u0161nju \u010dlanarinu, u okviru akcije za Dan zaljubljenih, pozivamo Vas da pro\u010ditate uputstva u nastavku. Uplatu u iznosu od 10\u20ac mo\u017eete izvr\u0161iti u banci ili po\u0161ti na \u017eiro ra\u010dun 565-3619-94, DOO Seljak sa naznakom \u010clanarina, zaklju\u010dno sa 14.02. do pono\u0107i. Fotografiju uplatnice mo\u017eete poslati na\u2026","rel":"","context":"Similar post","img":{"alt_text":"","src":"https:\/\/i0.wp.com\/seljak.me\/savjetuje\/wp-content\/uploads\/2022\/02\/14feb-1024x1024.png?resize=350%2C200&ssl=1","width":350,"height":200},"classes":[]},{"id":5688,"url":"https:\/\/seljak.me\/savjetuje\/hvala\/","url_meta":{"origin":6325,"position":3},"title":"Hvala","date":"11\/12\/2021","format":false,"excerpt":"Uplatu \u010dlanarine u iznosu od 10\u20ac mo\u017eete izvr\u0161iti u banci ili po\u0161ti na \u017eiro ra\u010dun 565-3619-94, DOO Seljak sa naznakom Novogodi\u0161nja \u010dlanarina. Fotografiju uplatnice mo\u017eete poslati na 067\/860-424 nakon \u010dega \u0107e Vam se aktivirati godi\u0161nji paket za neograni\u010deno dodavanje oglasa. \u00a0","rel":"","context":"Similar post","img":{"alt_text":"","src":"https:\/\/i0.wp.com\/seljak.me\/savjetuje\/wp-content\/uploads\/2021\/12\/Srecne-novogodisnje-i-bozicne-praznike-zeli-Vam.jpg?resize=350%2C200&ssl=1","width":350,"height":200},"classes":[]},{"id":6339,"url":"https:\/\/seljak.me\/savjetuje\/cjenovnik-oglasavanja\/","url_meta":{"origin":6325,"position":4},"title":"Cjenovnik ogla\u0161avanja","date":"25\/01\/2022","format":false,"excerpt":"U nastavku se mo\u017eete upoznati sa cjenovnikom zakupa banerskog prostora na www.seljak.me platformi Dok za objavljivanje oglasa iz domena poljoprivrede mo\u017eete pogledati klikom OVDJE.","rel":"","context":"Similar post","img":{"alt_text":"","src":"","width":0,"height":0},"classes":[]}],"_links":{"self":[{"href":"https:\/\/seljak.me\/savjetuje\/wp-json\/wp\/v2\/pages\/6325"}],"collection":[{"href":"https:\/\/seljak.me\/savjetuje\/wp-json\/wp\/v2\/pages"}],"about":[{"href":"https:\/\/seljak.me\/savjetuje\/wp-json\/wp\/v2\/types\/page"}],"author":[{"embeddable":true,"href":"https:\/\/seljak.me\/savjetuje\/wp-json\/wp\/v2\/users\/1"}],"replies":[{"embeddable":true,"href":"https:\/\/seljak.me\/savjetuje\/wp-json\/wp\/v2\/comments?post=6325"}],"version-history":[{"count":2,"href":"https:\/\/seljak.me\/savjetuje\/wp-json\/wp\/v2\/pages\/6325\/revisions"}],"predecessor-version":[{"id":6327,"href":"https:\/\/seljak.me\/savjetuje\/wp-json\/wp\/v2\/pages\/6325\/revisions\/6327"}],"wp:attachment":[{"href":"https:\/\/seljak.me\/savjetuje\/wp-json\/wp\/v2\/media?parent=6325"}],"curies":[{"name":"wp","href":"https:\/\/api.w.org\/{rel}","templated":true}]}}